{"id":3,"date":"2018-09-25T12:59:26","date_gmt":"2018-09-25T10:59:26","guid":{"rendered":"http:\/\/txl-capital.com\/?page_id=3"},"modified":"2021-09-07T15:04:38","modified_gmt":"2021-09-07T13:04:38","slug":"mentions-legales","status":"publish","type":"page","link":"https:\/\/www.txl-capital.com\/en\/mentions-legales\/","title":{"rendered":"Legal mentions"},"content":{"rendered":"<h2>CONDITIONS G\u00c9N\u00c9RALES<\/h2>\n<p>L\u2019information contenue dans ce site web est destin\u00e9e \u00e0 l\u2019usage des clients, partenaires et autres personnes int\u00e9ress\u00e9es par les activit\u00e9s de TXL capital.<br \/>\nElle a \u00e9t\u00e9 compil\u00e9e de bonne foi ; cependant TXL capital n\u2019en garantit ni l\u2019exhaustivit\u00e9 ni la pr\u00e9cision, et ne sera pas tenu responsable en cas de perte ou de dommage caus\u00e9 \u00e0 toute personne suite \u00e0 son utilisation. TXL capital a le droit d\u2019ajouter, de modifier et de supprimer toute information en tout temps.<\/p>\n<h2>\u00c9DITEUR<\/h2>\n<p>TXL capital<br \/>\n10 &#8211; 12 av. de Messine 75008 Paris France<br \/>\nT\u00e9l : + 33 (0)1 88 32 78 98<br \/>\nE-mail :\u00a0contact@txl-capital.com<br \/>\nDirecteur de la publication : Antoine de Tauriac<br \/>\nContact donn\u00e9es personnelles :\u00a0RGPD@txl-capital.com<br \/>\nTXL capital est une S.A.S. au capital de 10 000 euros<br \/>\nR.C.S Paris 842 427 734 SIRET\u00a0842\u00a0427\u00a0734\u00a0000 12<br \/>\nNum\u00e9ro TVA FR12 842 427 734<\/p>\n<h2>DROITS DE PROPRI\u00c9T\u00c9 INTELLECTUELLE<\/h2>\n<p>TXL capital est propri\u00e9taire des droits de propri\u00e9t\u00e9 intellectuelle ou d\u00e9tient les droits d\u2019usage sur tous les \u00e9l\u00e9ments accessibles sur le site, notamment les textes, images, graphismes, logo, ic\u00f4nes, videos. Toute reproduction, repr\u00e9sentation, modification, publication, adaptation de tout ou partie des \u00e9l\u00e9ments du site, quel que soit le moyen ou le proc\u00e9d\u00e9 utilis\u00e9, est interdite, sauf autorisation \u00e9crite pr\u00e9alable de TXL capital.<\/p>\n<h2>Cr\u00e9dits<\/h2>\n<p>\u00a9 photos :<br \/>\n&#8211; Yann PIRIOU<br \/>\n&#8211; UNSPLASH \u2022 PIXABAY \u2022 OT Fontainebleau<br \/>\n\u00a9 ic\u00f4nes\u00a0:<br \/>\nThe NOUN PROJECT<\/p>\n<h2>POLITIQUE DE CONFIDENTIALIT\u00c9<\/h2>\n<p>TXL capital ne r\u00e9colte pas de renseignements personnels, except\u00e9 lorsqu\u2019un individu fournit volontairement une telle information, par exemple en envoyant un email ou par tout autre moyen de communication via le site web de TXL capital.<br \/>\nTXL capital s\u2019engage \u00e0 prendre les mesures de s\u00e9curit\u00e9 appropri\u00e9es, en accord avec les normes de l\u2019industrie, afin de garantir la s\u00e9curit\u00e9, l\u2019int\u00e9grit\u00e9 et la confidentialit\u00e9 des informations personnelles des utilisateurs r\u00e9colt\u00e9es par le site web de TXL capital. Sur demande, TXL capital autorise les utilisateurs \u00e0 mettre \u00e0 jour, corriger ou supprimer tout renseignement personnel soumis ant\u00e9rieurement.<\/p>\n<h2>COOKIES<\/h2>\n<p>TXL capital utilise des cookies pour identifier les visiteurs et les utilisateurs enregistr\u00e9s sur le site web afin de personnaliser les informations et les services en fonction de chacun. Si vous le d\u00e9sirez, vous pouvez configurer votre navigateur web pour ne plus accepter les cookies de notre site web. Cependant, si vous refusez l\u2019utilisation des cookies de notre site web, il se peut que vous constatiez une baisse de performance de celui-ci ou que vous en perdiez l\u2019acc\u00e8s.<br \/>\nPlus d\u2019informations sur les cookies sur le site de la CNIL :\u00a0http:\/\/www.cnil.fr\/vos-droits\/vos-traces\/les-cookies\/<\/p>\n<h2>SUSPENSION OU REFUS D\u2019ACC\u00c8S<\/h2>\n<p>TXL capital a le droit de suspendre, d\u00e9connecter, refuser ou restreindre l\u2019acc\u00e8s \u00e0 son site web sans avis pr\u00e9alable.<\/p>\n<h2>MISE \u00c0 JOUR ET MAINTENANCE DU SITE WEB<\/h2>\n<p>Mise \u00e0 jour\u00a0:<br \/>\n\u2022 Services de TXL Capital \u2022 Actual Consultants \u2013 Fran\u00e7oise Linhart \u2013<br \/>\n+33 (0)1 60 70 00 00 &#8211; agence@actual-consultants.com<\/p>\n<p>Maintenance\u00a0: KMKoncept \u2013 Karine Moine<br \/>\n+33 (0)6 06 64 78 32 &#8211; <a href=\"http:\/\/www.kmkoncept.fr\">www.kmkoncept.fr<\/a><\/p>\n<p>HOSTING PROVIDER<\/p>\n<p>OVH<br \/>\n2 Rue Kellermann<br \/>\n59100 \u2013 ROUBAIX (France)<br \/>\nRCS Roubaix \u2013 Tourcoing 424 761 419 00045<br \/>\nCode APE 6202A<\/p>","protected":false},"excerpt":{"rendered":"<p>CONDITIONS G\u00c9N\u00c9RALES L\u2019information contenue dans ce site web est destin\u00e9e \u00e0 l\u2019usage des clients, partenaires et autres personnes int\u00e9ress\u00e9es par les activit\u00e9s de TXL capital. Elle a \u00e9t\u00e9 compil\u00e9e de bonne foi ; cependant TXL capital n\u2019en garantit ni l\u2019exhaustivit\u00e9 ni la pr\u00e9cision, et ne sera pas tenu responsable en cas de perte ou de [&hellip;]<\/p>","protected":false},"author":1,"featured_media":8,"parent":0,"menu_order":0,"comment_status":"closed","ping_status":"open","template":"","meta":[],"aioseo_notices":[],"_links":{"self":[{"href":"https:\/\/www.txl-capital.com\/en\/wp-json\/wp\/v2\/pages\/3"}],"collection":[{"href":"https:\/\/www.txl-capital.com\/en\/wp-json\/wp\/v2\/pages"}],"about":[{"href":"https:\/\/www.txl-capital.com\/en\/wp-json\/wp\/v2\/types\/page"}],"author":[{"embeddable":true,"href":"https:\/\/www.txl-capital.com\/en\/wp-json\/wp\/v2\/users\/1"}],"replies":[{"embeddable":true,"href":"https:\/\/www.txl-capital.com\/en\/wp-json\/wp\/v2\/comments?post=3"}],"version-history":[{"count":3,"href":"https:\/\/www.txl-capital.com\/en\/wp-json\/wp\/v2\/pages\/3\/revisions"}],"predecessor-version":[{"id":788,"href":"https:\/\/www.txl-capital.com\/en\/wp-json\/wp\/v2\/pages\/3\/revisions\/788"}],"wp:featuredmedia":[{"embeddable":true,"href":"https:\/\/www.txl-capital.com\/en\/wp-json\/wp\/v2\/media\/8"}],"wp:attachment":[{"href":"https:\/\/www.txl-capital.com\/en\/wp-json\/wp\/v2\/media?parent=3"}],"curies":[{"name":"wp","href":"https:\/\/api.w.org\/{rel}","templated":true}]}}